{"id":383,"date":"2014-03-24T22:05:53","date_gmt":"2014-03-24T21:05:53","guid":{"rendered":"http:\/\/elementc.de\/?page_id=383"},"modified":"2026-04-24T15:30:16","modified_gmt":"2026-04-24T14:30:16","slug":"datenschutz","status":"publish","type":"page","link":"https:\/\/elementc.de\/en\/datenschutz\/","title":{"rendered":"Privacy"},"content":{"rendered":"Diese Datenschutzerkl\u00e4rung kl\u00e4rt Sie \u00fcber die Art, den Umfang und Zweck der Verarbeitung von personenbezogenen Daten innerhalb unseres Onlineangebotes und der mit ihm verbundenen Webseiten, Funktionen und Inhalte (nachfolgend gemeinsam bezeichnet als \u201eOnlineangebot\u201c oder \u201eWebsite\u201c) auf.\r\n\r\n<h2>Verantwortliche Stelle im Sinne der Datenschutzgesetze ist:<\/h2>\r\n\r\n<h2>ELEMENT C GmbH<\/h2>\r\nGoethestra\u00dfe 25a<br>\r\n80336 M\u00fcnchen<br>\r\n<br>\r\nDatenschutzbeauftragter<br>\r\nChristoph Hausel<br>\r\nELEMENT C GmbH<br>\r\n<a href=\"ma&#105;&#108;to&#58;&#100;&#97;&#116;&#101;&#110;&#115;&#99;&#104;ut&#122;&#64;&#101;&#108;&#101;&#109;en&#116;c.&#100;e\">&#100;a&#116;&#101;&#110;s&#99;&#104;&#117;&#116;z&#64;e&#108;em&#101;nt&#99;.de<\/a>\r\n\r\n\r\n<h2>Datenerfassung und Verarbeitung<\/h2>\r\nSie k\u00f6nnen unsere Seite besuchen, ohne Angaben zu Ihrer Person zu t\u00e4tigen. Wir speichern lediglich Zugriffsdaten ohne Personenbezug wie z.B. den Namen Ihres Internet Service Providers, die Seite, von der aus Sie uns besuchen oder den Namen der angeforderten Datei. Diese Daten werden ausschlie\u00dflich zur Verbesserung unseres Angebotes ausgewertet und erlauben keinen R\u00fcckschluss auf Ihre Person.\r\n\r\nZu den im Rahmen dieses Onlineangebotes verarbeiteten personenbezogenen Daten der Nutzer, d.h. der Interessenten und Besucher unseres Onlineangebots, geh\u00f6ren Bestandsdaten (Vor- und Nachname, PLZ, E-Mail-Adresse, Telefon, IP-Adresse).\r\n\r\nWir verarbeiten personenbezogene Daten der Nutzer nur unter Einhaltung der einschl\u00e4gigen Datenschutzbestimmungen. Das bedeutet, die Daten der Nutzer werden nur bei Vorliegen einer gesetzlichen Erlaubnis verarbeitet. D.h. insbesondere, wenn die Datenverarbeitung zur Erbringung unserer vertraglichen Leistungen (z.B. Bearbeitung von Anfragen) sowie Online-Services erforderlich bzw. gesetzlich vorgeschrieben ist, eine Einwilligung der Nutzer vorliegt, als auch aufgrund unserer berechtigten Interessen (d.h. Interesse an der Analyse, Optimierung und wirtschaftlichem Betrieb und Sicherheit unseres Onlineangebotes im Sinne des Art. 6 Abs. 1 lit. f. DSGVO, insbesondere bei der Reichweitenmessung sowie Erhebung von Zugriffsdaten und Einsatz der Dienste von Drittanbietern.\r\n<h2>Zweck der Verarbeitung<\/h2>\r\n<ul>\r\n \t<li>\u2022 Zurverf\u00fcgungstellung des Onlineangebotes, seiner Funktionen und Inhalte,<\/li>\r\n \t<li>\u2022 Beantwortung von Kontaktanfragen und Kommunikation mit Nutzern,<\/li>\r\n \t<li>\u2022 Sicherheitsma\u00dfnahmen,<\/li>\r\n \t<li>\u2022 Reichweitenmessung und Marketing.<\/li>\r\n<\/ul>\r\n&nbsp;\r\n<h2>Betroffenenrechte<\/h2>\r\nUnter den angegebenen Kontaktdaten unseres Datenschutzbeauftragten k\u00f6nnen Sie jederzeit folgende Rechte aus\u00fcben:\r\n<ul>\r\n \t<li>\u2022 Auskunft \u00fcber Ihre bei uns gespeicherten Daten und deren Verarbeitung (Art. 15 DSGVO),<\/li>\r\n \t<li>\u2022 Berichtigung unrichtiger personenbezogener Daten (Art. 16 DSGVO),<\/li>\r\n \t<li>\u2022 L\u00f6schung Ihrer bei uns gespeicherten Daten (Art. 17 DSGVO),<\/li>\r\n \t<li>\u2022 Einschr\u00e4nkung der Datenverarbeitung, sofern wir Ihre Daten aufgrund gesetzlicher Pflichten noch nicht l\u00f6schen d\u00fcrfen (Art. 18 DSGVO),<\/li>\r\n \t<li>\u2022 Widerruf Ihre Einwilligung zur Speicherung der Daten (Art. 7 Abs. 3 DSGVO),<\/li>\r\n \t<li>\u2022 Widerspruch gegen die Verarbeitung Ihrer Daten bei uns (Art. 21 DSGVO) und<\/li>\r\n \t<li>\u2022 Daten\u00fcbertragbarkeit, sofern Sie in die Datenverarbeitung eingewilligt haben oder einen Vertrag mit uns abgeschlossen haben (Art. 20 DSGVO).<\/li>\r\n<\/ul>\r\n&nbsp;\r\n<h2>Google Analytics<\/h2>\r\nDiese Website benutzt Google Analytics, einen Webanalysedienst der Google Inc. (\u201eGoogle\u201c). Google Analytics verwendet sog. \u201eCookies\u201c, Textdateien, die auf dem\/den Computer(n) der Nutzer gespeichert werden und die eine Analyse der Benutzung der Website durch sie erm\u00f6glichen. Die durch den Cookie generierten Informationen \u00fcber Benutzung dieser Website durch die Nutzer werden in der Regel an einen Server von Google in den USA \u00fcbertragen und dort gespeichert.\r\n\r\nAufgrund der Aktivierung der IP-Anonymisierung auf diesen Webseiten, wird Ihre IP-Adresse von Google jedoch innerhalb von Mitgliedstaaten der Europ\u00e4ischen Union oder in anderen Vertragsstaaten des Abkommens \u00fcber den Europ\u00e4ischen Wirtschaftsraum zuvor gek\u00fcrzt. Nur in Ausnahmef\u00e4llen wird die volle IP-Adresse an einen Server von Google in den USA \u00fcbertragen und dort gek\u00fcrzt. Im Auftrag des Betreibers dieser Website wird Google diese Informationen verwerten, um Ihre Nutzung der Webseite auszuwerten, Reports \u00fcber die Webseitenaktivit\u00e4ten zusammenzustellen und weitere mit der Websitenutzung und der Internetnutzung verbundene Dienstleistungen gegen\u00fcber dem Webseitenbetreiber zu erbringen. Die im Rahmen von Google Analytics von Ihrem Browser \u00fcbermittelte IP-Adresse wird nicht mit anderen Daten von Google zusammengef\u00fchrt.\r\n\r\nGoogle verarbeitet Ihre Daten in den USA und hat sich dem EU_US Privacy Shield unterworfen https:\/\/www.privacyshield.gov\/EU-US-Framework. Au\u00dferdem haben wir Standarddatenschutzklauseln mit Google f\u00fcr den Einsatz von Google Analytics abgeschlossen.\r\n\r\nSie k\u00f6nnen die Erfassung durch Google Analytics verhindern, indem Sie auf folgenden Link klicken.\r\n\r\n<strong><a href=\"javascript:gaoo_handle_optout();\" id=\"gaoo-link\" class=\"gaoo-link-deactivate\">Verbiete Google Analytics, mich zu verfolgen<\/a><\/strong>\r\n\r\nEs wird ein Opt-Out-Cookie gesetzt, der die zuk\u00fcnftige Erfassung Ihrer Daten beim Besuch dieser Website verhindert: <a>Google Analytics deaktivieren<\/a>\r\n<h2>Weitergabe von Daten an Dritte und Drittanbieter<\/h2>\r\nEine Weitergabe von Daten an Dritte erfolgt nur im Rahmen der gesetzlichen Vorgaben. Wir geben die Daten der Nutzer an Dritte nur auf Grund einer gem. Art. 6 Abs. 1 lit. a) DSGVO erteilten Einwilligung oder wenn dies auf Grundlage des Art. 6 Abs. 1 lit. b) DSGVO f\u00fcr Vertragszwecke erforderlich ist oder auf Grundlage berechtigter Interessen gem. Art. 6 Abs. 1 lit. f. DSGVO an wirtschaftlichem und effektivem Betrieb unseres Gesch\u00e4ftsbetriebes.\r\n<h2>Rechtsgrundlage<\/h2>\r\nDie Verarbeitung erfolgt gem\u00e4\u00df Art. 6 Abs. 1 lit. f DSGVO auf Basis unseres berechtigten Interesses an der Verbesserung der Stabilit\u00e4t und Funktionalit\u00e4t unserer Website.\r\n<h2>Speicherdauer<\/h2>\r\nWir halten uns an die Grunds\u00e4tze der Datenvermeidung und Datensparsamkeit. Wir speichern Ihre personenbezogenen Daten daher nur so lange, wie dies zur Erreichung der hier genannten Zwecke erforderlich ist oder wie es die vom Gesetzgeber vorgesehenen vielf\u00e4ltigen Speicherfristen vorsehen. Nach Fortfall des jeweiligen Zweckes bzw. Ablauf dieser Fristen werden die entsprechenden Daten routinem\u00e4\u00dfig und entsprechend den gesetzlichen Vorschriften gesperrt oder gel\u00f6scht.\r\n<h2>SSL-Verschl\u00fcsselung<\/h2>\r\nUm die Sicherheit Ihrer Daten bei der \u00dcbertragung zu sch\u00fctzen, verwenden wir dem aktuellen Stand der Technik entsprechende Verschl\u00fcsselungsverfahren (z.B. SSL) \u00fcber HTTPS.\r\n<h2>Zusammenarbeit mit Auftragsverarbeitern und Dritten<\/h2>\r\nSofern wir im Rahmen unserer Verarbeitung Daten gegen\u00fcber anderen Personen und Unternehmen (Auftragsverarbeitern oder Dritten) offenbaren, sie an diese \u00fcbermitteln oder ihnen sonst Zugriff auf die Daten gew\u00e4hren, erfolgt dies nur auf Grundlage:\r\n<ul>\r\n \t<li>\u2022 einer gesetzlichen Erlaubnis (z.B. wenn eine \u00dcbermittlung der Daten an Dritte, wie an Zahlungsdienstleister, gem. Art. 6 Abs. 1 lit. b DSGVO zur Vertragserf\u00fcllung erforderlich ist),<\/li>\r\n \t<li>\u2022 Sie eingewilligt haben,<\/li>\r\n \t<li>\u2022 eine rechtliche Verpflichtung dies vorsieht<\/li>\r\n \t<li>\u2022 oder auf Grundlage unserer berechtigten Interessen (z.B. beim Einsatz von Beauftragten, Webhostern, etc.).<\/li>\r\n<\/ul>\r\n&nbsp;\r\n\r\nSofern wir Dritte mit der Verarbeitung von Daten auf Grundlage eines sog. \u201eAuftragsverarbeitungsvertrages\u201c beauftragen, geschieht dies auf Grundlage des Art. 28 DSGVO.\r\n\r\n<style>\r\n.CookieDeclaration {<br \/>text-align: left!important;<br \/>    font-size: 15px;<br \/>    line-height: 20px;<br \/>}<br \/><\/style>\r\n\r\n<script id=\"CookieDeclaration\" src=\"https:\/\/consent.cookiebot.com\/b50cad18-2bb7-4feb-ba06-51d9dece0380\/cd.js\" type=\"text\/javascript\" async=\"\"><\/script>\r\n\r\n\r\nThis website uses Google Analytics, a web analytics service provided by Google, Inc. (\u201cGoogle\u201d). \u2028Google Analytics uses \u201ccookies\u201d, which are text files placed on your computer, to help the website analyze how users use the site. The information generated by the cookie about your use of the website (including your IP address) will be transmitted to and stored by Google on servers in the United States. In case of activation of the IP anonymization, Google will truncate\/anonymize the last octet of the IP address for Member States of the European Union as well as for other parties to the Agreement on the European Economic Area. Only in exceptional cases, the full IP address is sent to and shortened by Google servers in the USA. On behalf of the website provider Google will use this information for the purpose of evaluating your use of the website, compiling reports on website activity for website operators and providing other services relating to website activity and internet usage to the website provider. Google will not associate your IP address with any other data held by Google. You may refuse the use of cookies by selecting the appropriate settings on your browser. However, please note that if you do this, you may not be able to use the full functionality of this website. \u2028Furthermore you can prevent Google\u2019s collection and use of data (cookies and IP address) by downloading and installing the <a href=\"https:\/\/tools.google.com\/dlpage\/gaoptout?hl=en-GB\" target=\"_blank\" rel=\"noopener\">browser plug-in<\/a>.\r\nYou can refuse the use of Google Analytics by clicking on the following link. An opt-out cookie will be set on the computer, which prevents the future collection of your data when visiting this website: <a>Disable Google Analytics<\/a>\r\nFurther information concerning the terms and conditions of use and data privacy can be found at\u00a0<a href=\"http:\/\/www.google.com\/analytics\/terms\/gb.html\" target=\"_blank\" rel=\"noopener\">Analytics Terms<\/a>\u00a0or at <a href=\"http:\/\/www.google.com\/intl\/en_uk\/analytics\/privacyoverview.html\" target=\"_blank\" rel=\"noopener\">Privacy Overview<\/a>. Please note that on this website, Google Analytics code is supplemented by \u201cgat._anonymizeIp();\u201d to ensure an anonymized collection of IP addresses (so called IP-masking).","protected":false},"excerpt":{"rendered":"<p>Diese Datenschutzerkl\u00e4rung kl\u00e4rt Sie \u00fcber die Art, den Umfang und Zweck der Verarbeitung von personenbezogenen Daten innerhalb unseres Onlineangebotes und der mit ihm verbundenen Webseiten, Funktionen und Inhalte (nachfolgend gemeinsam bezeichnet als \u201eOnlineangebot\u201c oder \u201eWebsite\u201c) auf. Verantwortliche Stelle im Sinne der Datenschutzgesetze ist: ELEMENT C GmbH Goethestra\u00dfe 25a 80336 M\u00fcnchen Datenschutzbeauftragter Christoph Hausel ELEMENT C&#8230;  <a class=\"excerpt-read-more\" href=\"https:\/\/elementc.de\/en\/datenschutz\/\" title=\"ReadPrivacy\">Read more &raquo;<\/a><\/p>\n","protected":false},"author":1,"featured_media":373,"parent":0,"menu_order":0,"comment_status":"closed","ping_status":"closed","template":"page-visual-center.php","meta":{"footnotes":""},"class_list":["post-383","page","type-page","status-publish","has-post-thumbnail","hentry"],"_links":{"self":[{"href":"https:\/\/elementc.de\/en\/wp-json\/wp\/v2\/pages\/383","targetHints":{"allow":["GET"]}}],"collection":[{"href":"https:\/\/elementc.de\/en\/wp-json\/wp\/v2\/pages"}],"about":[{"href":"https:\/\/elementc.de\/en\/wp-json\/wp\/v2\/types\/page"}],"author":[{"embeddable":true,"href":"https:\/\/elementc.de\/en\/wp-json\/wp\/v2\/users\/1"}],"replies":[{"embeddable":true,"href":"https:\/\/elementc.de\/en\/wp-json\/wp\/v2\/comments?post=383"}],"version-history":[{"count":36,"href":"https:\/\/elementc.de\/en\/wp-json\/wp\/v2\/pages\/383\/revisions"}],"predecessor-version":[{"id":8657,"href":"https:\/\/elementc.de\/en\/wp-json\/wp\/v2\/pages\/383\/revisions\/8657"}],"wp:featuredmedia":[{"embeddable":true,"href":"https:\/\/elementc.de\/en\/wp-json\/wp\/v2\/media\/373"}],"wp:attachment":[{"href":"https:\/\/elementc.de\/en\/wp-json\/wp\/v2\/media?parent=383"}],"curies":[{"name":"wp","href":"https:\/\/api.w.org\/{rel}","templated":true}]}}